{"id":32,"date":"2023-04-25T15:36:31","date_gmt":"2023-04-25T13:36:31","guid":{"rendered":"http:\/\/valoreim.com\/?page_id=32"},"modified":"2023-05-10T23:02:15","modified_gmt":"2023-05-10T21:02:15","slug":"beaux-portfolios-pour-des-creatifs-exceptionnels","status":"publish","type":"page","link":"https:\/\/valoreim.com\/","title":{"rendered":"Le conseil patrimonial au service de vos choix de vie"},"content":{"rendered":"\n<p class=\"has-text-align-center\"><meta charset=\"utf-8\"><\/meta>Derri\u00e8re tout investissement, il y a un projet, et derri\u00e8re tout projet, il y a des choix de vie. La mission de notre cabinet est de vous accompagner sur le long terme, de la construction patrimoniale jusqu&#8217;\u00e0 la transmission. <\/p>\n\n\n\n<div style=\"height:55px\" aria-hidden=\"true\" class=\"wp-block-spacer\"><\/div>\n\n\n\n<div class=\"wp-block-group alignfull has-background\" style=\"background-color:#e5e9ec\"><div class=\"wp-block-group__inner-container is-layout-flow wp-block-group-is-layout-flow\">\n<div class=\"wp-block-columns is-layout-flex wp-container-core-columns-is-layout-9d6595d7 wp-block-columns-is-layout-flex\">\n<div class=\"wp-block-column is-vertically-aligned-center is-layout-flow wp-block-column-is-layout-flow\">\n<h2 class=\"wp-block-heading\">Le cabinet<\/h2>\n\n\n\n<p>Valoreim Patrimoine s&#8217;est construit sur une double sp\u00e9cialit\u00e9 :  le conseil en investissements et l&#8217;ing\u00e9nierie patrimoniale. Historiquement d\u00e9di\u00e9 aux chefs d&#8217;entreprise et aux cadres dirigeants, le cabinet a \u00e9galement d\u00e9velopp\u00e9 un segment et une offre sp\u00e9cialement d\u00e9di\u00e9s aux particuliers. <\/p>\n\n\n\n<div class=\"wp-block-buttons is-horizontal is-content-justification-left is-layout-flex wp-container-core-buttons-is-layout-7e5fce0a wp-block-buttons-is-layout-flex\"><\/div>\n\n\n\n<p><\/p>\n<\/div>\n\n\n\n<div class=\"wp-block-column is-layout-flow wp-block-column-is-layout-flow\">\n<div style=\"height:48px\" aria-hidden=\"true\" class=\"wp-block-spacer\"><\/div>\n\n\n\n<figure class=\"wp-block-image size-large\"><img loading=\"lazy\" decoding=\"async\" width=\"1024\" height=\"616\" src=\"http:\/\/valoreim.com\/wp-content\/uploads\/2023\/04\/pexels-scott-webb-137594-small-1024x616.jpg\" alt=\"\" class=\"wp-image-53\" srcset=\"https:\/\/valoreim.com\/wp-content\/uploads\/2023\/04\/pexels-scott-webb-137594-small-1024x616.jpg 1024w, https:\/\/valoreim.com\/wp-content\/uploads\/2023\/04\/pexels-scott-webb-137594-small-300x180.jpg 300w, https:\/\/valoreim.com\/wp-content\/uploads\/2023\/04\/pexels-scott-webb-137594-small-768x462.jpg 768w, https:\/\/valoreim.com\/wp-content\/uploads\/2023\/04\/pexels-scott-webb-137594-small-1536x923.jpg 1536w, https:\/\/valoreim.com\/wp-content\/uploads\/2023\/04\/pexels-scott-webb-137594-small-2048x1231.jpg 2048w, https:\/\/valoreim.com\/wp-content\/uploads\/2023\/04\/pexels-scott-webb-137594-small-2000x1202.jpg 2000w\" sizes=\"auto, (max-width: 1024px) 100vw, 1024px\" \/><\/figure>\n<\/div>\n<\/div>\n<\/div><\/div>\n\n\n\n<div class=\"wp-block-group alignfull\"><div class=\"wp-block-group__inner-container is-layout-flow wp-block-group-is-layout-flow\">\n<div class=\"wp-block-columns are-vertically-aligned-center is-layout-flex wp-container-core-columns-is-layout-9d6595d7 wp-block-columns-is-layout-flex\">\n<div class=\"wp-block-column is-vertically-aligned-center is-layout-flow wp-block-column-is-layout-flow\">\n<div style=\"height:48px\" aria-hidden=\"true\" class=\"wp-block-spacer\"><\/div>\n\n\n\n<figure class=\"wp-block-image size-large\"><img loading=\"lazy\" decoding=\"async\" width=\"1024\" height=\"948\" src=\"http:\/\/valoreim.com\/wp-content\/uploads\/2023\/04\/pexels-movoyagee-2413661-medium-1024x948.jpg\" alt=\"\" class=\"wp-image-67\" srcset=\"https:\/\/valoreim.com\/wp-content\/uploads\/2023\/04\/pexels-movoyagee-2413661-medium-1024x948.jpg 1024w, https:\/\/valoreim.com\/wp-content\/uploads\/2023\/04\/pexels-movoyagee-2413661-medium-300x278.jpg 300w, https:\/\/valoreim.com\/wp-content\/uploads\/2023\/04\/pexels-movoyagee-2413661-medium-768x711.jpg 768w, https:\/\/valoreim.com\/wp-content\/uploads\/2023\/04\/pexels-movoyagee-2413661-medium-1536x1422.jpg 1536w, https:\/\/valoreim.com\/wp-content\/uploads\/2023\/04\/pexels-movoyagee-2413661-medium-2048x1895.jpg 2048w, https:\/\/valoreim.com\/wp-content\/uploads\/2023\/04\/pexels-movoyagee-2413661-medium-2000x1851.jpg 2000w\" sizes=\"auto, (max-width: 1024px) 100vw, 1024px\" \/><\/figure>\n<\/div>\n\n\n\n<div class=\"wp-block-column is-vertically-aligned-center is-layout-flow wp-block-column-is-layout-flow\">\n<h2 class=\"wp-block-heading\">Nos services<\/h2>\n\n\n\n<p>Vous \u00e9couter et analyser votre situation au travers d&#8217;un bilan patrimonial &amp; fiscal.<\/p>\n\n\n\n<p>Vous pr\u00e9coniser une strat\u00e9gie patrimoniale et une architecture juridique, fiscale et financi\u00e8re.<\/p>\n\n\n\n<p>Vous accompagner sur le choix des supports financiers, immobiliers et assuranciels.<\/p>\n\n\n\n<p><\/p>\n\n\n\n<div class=\"wp-block-buttons is-layout-flex wp-block-buttons-is-layout-flex\"><\/div>\n<\/div>\n<\/div>\n<\/div><\/div>\n\n\n\n<div class=\"wp-block-group alignfull has-black-background-color has-background\"><div class=\"wp-block-group__inner-container is-layout-flow wp-block-group-is-layout-flow\">\n<h2 class=\"wp-block-heading has-text-align-center has-white-color has-text-color\">Des solutions patrimoniales personnalis\u00e9es<\/h2>\n\n\n\n<p>        <\/p>\n\n\n\n<figure class=\"wp-block-gallery aligncenter has-nested-images columns-default is-cropped wp-block-gallery-1 is-layout-flex wp-block-gallery-is-layout-flex\">\n<figure class=\"wp-block-image size-large\"><img loading=\"lazy\" decoding=\"async\" width=\"1024\" height=\"780\" data-id=\"100\" src=\"http:\/\/valoreim.com\/wp-content\/uploads\/2023\/05\/pexels-mathias-reding-4489366-small-1024x780.jpg\" alt=\"\" class=\"wp-image-100\" srcset=\"https:\/\/valoreim.com\/wp-content\/uploads\/2023\/05\/pexels-mathias-reding-4489366-small-1024x780.jpg 1024w, https:\/\/valoreim.com\/wp-content\/uploads\/2023\/05\/pexels-mathias-reding-4489366-small-300x228.jpg 300w, https:\/\/valoreim.com\/wp-content\/uploads\/2023\/05\/pexels-mathias-reding-4489366-small-768x585.jpg 768w, https:\/\/valoreim.com\/wp-content\/uploads\/2023\/05\/pexels-mathias-reding-4489366-small-1536x1170.jpg 1536w, https:\/\/valoreim.com\/wp-content\/uploads\/2023\/05\/pexels-mathias-reding-4489366-small-2048x1560.jpg 2048w, https:\/\/valoreim.com\/wp-content\/uploads\/2023\/05\/pexels-mathias-reding-4489366-small-2000x1523.jpg 2000w\" sizes=\"auto, (max-width: 1024px) 100vw, 1024px\" \/><\/figure>\n\n\n\n<figure class=\"wp-block-image size-large\"><img loading=\"lazy\" decoding=\"async\" width=\"1024\" height=\"704\" data-id=\"126\" src=\"http:\/\/valoreim.com\/wp-content\/uploads\/2023\/05\/pexels-pierre-blache-3073666-_-small-1-1024x704.jpg\" alt=\"\" class=\"wp-image-126\" srcset=\"https:\/\/valoreim.com\/wp-content\/uploads\/2023\/05\/pexels-pierre-blache-3073666-_-small-1-1024x704.jpg 1024w, https:\/\/valoreim.com\/wp-content\/uploads\/2023\/05\/pexels-pierre-blache-3073666-_-small-1-300x206.jpg 300w, https:\/\/valoreim.com\/wp-content\/uploads\/2023\/05\/pexels-pierre-blache-3073666-_-small-1-768x528.jpg 768w, https:\/\/valoreim.com\/wp-content\/uploads\/2023\/05\/pexels-pierre-blache-3073666-_-small-1-1536x1056.jpg 1536w, https:\/\/valoreim.com\/wp-content\/uploads\/2023\/05\/pexels-pierre-blache-3073666-_-small-1-2048x1409.jpg 2048w, https:\/\/valoreim.com\/wp-content\/uploads\/2023\/05\/pexels-pierre-blache-3073666-_-small-1-2000x1376.jpg 2000w\" sizes=\"auto, (max-width: 1024px) 100vw, 1024px\" \/><\/figure>\n\n\n\n<figure class=\"wp-block-image size-large\"><img loading=\"lazy\" decoding=\"async\" width=\"1024\" height=\"780\" data-id=\"101\" src=\"http:\/\/valoreim.com\/wp-content\/uploads\/2023\/05\/Foret-1024x780.jpg\" alt=\"\" class=\"wp-image-101\" srcset=\"https:\/\/valoreim.com\/wp-content\/uploads\/2023\/05\/Foret-1024x780.jpg 1024w, https:\/\/valoreim.com\/wp-content\/uploads\/2023\/05\/Foret-300x228.jpg 300w, https:\/\/valoreim.com\/wp-content\/uploads\/2023\/05\/Foret-768x585.jpg 768w, https:\/\/valoreim.com\/wp-content\/uploads\/2023\/05\/Foret-1536x1169.jpg 1536w, https:\/\/valoreim.com\/wp-content\/uploads\/2023\/05\/Foret.jpg 1977w\" sizes=\"auto, (max-width: 1024px) 100vw, 1024px\" \/><\/figure>\n\n\n\n<figure class=\"wp-block-image size-large\"><img loading=\"lazy\" decoding=\"async\" width=\"1024\" height=\"510\" data-id=\"102\" src=\"http:\/\/valoreim.com\/wp-content\/uploads\/2023\/05\/Lodeom-LES-ILES-1024x510.png\" alt=\"\" class=\"wp-image-102\" srcset=\"https:\/\/valoreim.com\/wp-content\/uploads\/2023\/05\/Lodeom-LES-ILES-1024x510.png 1024w, https:\/\/valoreim.com\/wp-content\/uploads\/2023\/05\/Lodeom-LES-ILES-300x149.png 300w, https:\/\/valoreim.com\/wp-content\/uploads\/2023\/05\/Lodeom-LES-ILES-768x382.png 768w, https:\/\/valoreim.com\/wp-content\/uploads\/2023\/05\/Lodeom-LES-ILES.png 1231w\" sizes=\"auto, (max-width: 1024px) 100vw, 1024px\" \/><\/figure>\n\n\n\n<figure class=\"wp-block-image size-full\"><img loading=\"lazy\" decoding=\"async\" width=\"420\" height=\"287\" data-id=\"159\" src=\"http:\/\/valoreim.com\/wp-content\/uploads\/2023\/05\/financial-markets-1.jpg\" alt=\"\" class=\"wp-image-159\" srcset=\"https:\/\/valoreim.com\/wp-content\/uploads\/2023\/05\/financial-markets-1.jpg 420w, https:\/\/valoreim.com\/wp-content\/uploads\/2023\/05\/financial-markets-1-300x205.jpg 300w\" sizes=\"auto, (max-width: 420px) 100vw, 420px\" \/><\/figure>\n\n\n\n<figure class=\"wp-block-image size-full\"><img loading=\"lazy\" decoding=\"async\" width=\"699\" height=\"429\" data-id=\"103\" src=\"http:\/\/valoreim.com\/wp-content\/uploads\/2023\/05\/champagne.jpg\" alt=\"\" class=\"wp-image-103\" srcset=\"https:\/\/valoreim.com\/wp-content\/uploads\/2023\/05\/champagne.jpg 699w, https:\/\/valoreim.com\/wp-content\/uploads\/2023\/05\/champagne-300x184.jpg 300w\" sizes=\"auto, (max-width: 699px) 100vw, 699px\" \/><\/figure>\n<\/figure>\n<\/div><\/div>\n\n\n\n<div class=\"wp-block-cover alignfull is-light has-parallax is-position-center-center\" style=\"min-height:375px;aspect-ratio:unset;\"><span aria-hidden=\"true\" class=\"wp-block-cover__background has-black-background-color has-background-dim-40 has-background-dim\"><\/span><div role=\"img\" class=\"wp-block-cover__image-background wp-image-40 has-parallax\" style=\"background-position:50% 50%;background-image:url(http:\/\/valoreim.com\/wp-content\/uploads\/2023\/04\/cropped-pexels-isaw-company-955733-scaled-1.jpg)\"><\/div><div class=\"wp-block-cover__inner-container is-layout-flow wp-block-cover-is-layout-flow\">\n<p class=\"has-text-align-center has-text-color has-huge-font-size\" style=\"color:#fffffa;line-height:1.1\"><strong>Construire, optimiser, transmettre son patrimoine ne s&#8217;improvise pas<\/strong><\/p>\n\n\n\n<p class=\"has-text-align-center\" style=\"color: #ffffff;\">Etre conseill\u00e9 et accompagn\u00e9 par un professionnel du patrimoine.<\/p>\n<p class=\"has-text-align-center\" style=\"color: #ffffff;\">Choisir des solutions qui respectent vos convictions et vos choix de vie.<\/p>\n\n\n\n<div style=\"height:39px\" aria-hidden=\"true\" class=\"wp-block-spacer\"><\/div>\n<\/div><\/div>\n","protected":false},"excerpt":{"rendered":"<p>Derri\u00e8re tout investissement, il y a un projet, et derri\u00e8re tout projet, il y a des choix de vie. La mission de notre cabinet est de vous accompagner sur le long terme, de la construction patrimoniale jusqu&#8217;\u00e0 la transmission. Le cabinet Valoreim Patrimoine s&#8217;est construit sur une double sp\u00e9cialit\u00e9 : le conseil en investissements et &hellip; <\/p>\n<p class=\"link-more\"><a href=\"https:\/\/valoreim.com\/\" class=\"more-link\">Read more<span class=\"screen-reader-text\"> &#8220;Le conseil patrimonial au service de vos choix de vie&#8221;<\/span><\/a><\/p>\n","protected":false},"author":1,"featured_media":31,"parent":0,"menu_order":0,"comment_status":"closed","ping_status":"closed","template":"","meta":{"footnotes":""},"class_list":["post-32","page","type-page","status-publish","has-post-thumbnail","hentry"],"_links":{"self":[{"href":"https:\/\/valoreim.com\/index.php\/wp-json\/wp\/v2\/pages\/32","targetHints":{"allow":["GET"]}}],"collection":[{"href":"https:\/\/valoreim.com\/index.php\/wp-json\/wp\/v2\/pages"}],"about":[{"href":"https:\/\/valoreim.com\/index.php\/wp-json\/wp\/v2\/types\/page"}],"author":[{"embeddable":true,"href":"https:\/\/valoreim.com\/index.php\/wp-json\/wp\/v2\/users\/1"}],"replies":[{"embeddable":true,"href":"https:\/\/valoreim.com\/index.php\/wp-json\/wp\/v2\/comments?post=32"}],"version-history":[{"count":34,"href":"https:\/\/valoreim.com\/index.php\/wp-json\/wp\/v2\/pages\/32\/revisions"}],"predecessor-version":[{"id":161,"href":"https:\/\/valoreim.com\/index.php\/wp-json\/wp\/v2\/pages\/32\/revisions\/161"}],"wp:featuredmedia":[{"embeddable":true,"href":"https:\/\/valoreim.com\/index.php\/wp-json\/wp\/v2\/media\/31"}],"wp:attachment":[{"href":"https:\/\/valoreim.com\/index.php\/wp-json\/wp\/v2\/media?parent=32"}],"curies":[{"name":"wp","href":"https:\/\/api.w.org\/{rel}","templated":true}]}}